{"id":50,"date":"2017-12-28T17:18:07","date_gmt":"2017-12-28T16:18:07","guid":{"rendered":"http:\/\/www.dus4you.de\/?page_id=50"},"modified":"2019-01-13T20:35:10","modified_gmt":"2019-01-13T19:35:10","slug":"ueber","status":"publish","type":"page","link":"https:\/\/dus4you.de\/index.php\/ueber\/","title":{"rendered":"\u00dcber&#8230;"},"content":{"rendered":"<h5 id=\"cc-m-header-11753457124\"><span style=\"font-size: 18pt; font-family: 'arial black', sans-serif;\">Frank Engels alias Duesseldorf4you<br \/>\n<\/span><\/h5>\n<h5><span style=\"font-size: 18pt; font-family: 'arial black', sans-serif;\"><span style=\"font-size: 14pt; font-family: arial, helvetica, sans-serif;\">Biografie \/ Vita<br \/>\n<\/span><\/span><span style=\"font-size: 12pt; font-family: arial, helvetica, sans-serif; color: #000000;\"><br \/>\n<span style=\"font-size: 10pt;\"><em>au\u00dfergew\u00f6hnlich * frech * witzig * spritzig * frisch<\/em><\/span><\/span><\/h5>\n<h1 class=\"\"><img loading=\"lazy\" decoding=\"async\" class=\"alignleft wp-image-63 size-thumbnail\" src=\"http:\/\/www.dus4you.de\/wp-content\/uploads\/2017\/12\/image-150x150.jpg\" alt=\"\" width=\"150\" height=\"150\" srcset=\"https:\/\/dus4you.de\/wp-content\/uploads\/2017\/12\/image-150x150.jpg 150w, https:\/\/dus4you.de\/wp-content\/uploads\/2017\/12\/image-300x300.jpg 300w, https:\/\/dus4you.de\/wp-content\/uploads\/2017\/12\/image.jpg 430w\" sizes=\"auto, (max-width: 150px) 100vw, 150px\" \/><\/h1>\n<p><span style=\"font-family: arial, helvetica, sans-serif;\">Frank Engels wurde 1963 in D\u00fcsseldorf geboren und seine besonderen<br \/>\n<\/span><span style=\"font-family: arial, helvetica, sans-serif;\">F\u00e4higkeiten konnte er bereits\u00a0<\/span><span style=\"font-family: arial, helvetica, sans-serif;\">in der Schule ausleben. Nach der Zeit der<br \/>\ngeistigen Abwesenheit und Abstinenz wurde er zum\u00a0<\/span><span style=\"font-family: arial, helvetica, sans-serif;\">\u201eKlassensprecher\u201c<br \/>\n<\/span><span style=\"font-family: arial, helvetica, sans-serif;\">und sp\u00e4ter dann zum \u201eSchulsprecher\u201c gew\u00e4hlt. Hierbei half ihm seine witzige<br \/>\nund spritzige Art seiner Reden und\u00a0<\/span><span style=\"font-family: arial, helvetica, sans-serif;\">Vortr\u00e4ge &#8211; ein Mix aus hochdeutsch und<br \/>\nMundart \u2013 einfach herrlich zu h\u00f6ren!<\/span><\/p>\n<p><span style=\"font-family: arial, helvetica, sans-serif;\">Sein Hobbys sind Kunst, Fotografieren, Filmen, F95 (LEIDENschaft) ,<br \/>\nTattoos, D\u00fcsseldorf und er ist im\u00a0<\/span><span style=\"font-family: arial, helvetica, sans-serif;\">\u201eBilker Sch\u00fctzenverein\u201c, dem er seit seinem<br \/>\n6. Lebensjahr angeh\u00f6rt.\u00a0Auch hier \u00fcbernahm er fr\u00fch Verantwortung\u00a0<\/span><span style=\"font-family: arial, helvetica, sans-serif;\">und wurde der j\u00fcngster<br \/>\nSch\u00fctzenhauptmann in D\u00fcsseldorf.\u00a0In den vielen Jahren seiner aktiven Zeit organisierte\u00a0<\/span><span style=\"font-family: arial, helvetica, sans-serif;\">er<br \/>\nKr\u00f6nungsb\u00e4lle mit bis zu 450 Teilnehmer,\u00a0Empf\u00e4nge, Bataillonsfeste mit\u00a0<\/span><span style=\"font-family: arial, helvetica, sans-serif;\">bis zu 500 Teilnehmer;<br \/>\ner war mehrere\u00a0<\/span><span style=\"font-family: arial, helvetica, sans-serif;\">Jahre Moderator der \u201eGro\u00dfen\u00a0Bilker Parade\u201c mit bis zu 9.000 Besuchern.<\/span><\/p>\n<p><span style=\"font-family: arial, helvetica, sans-serif;\">Er war aber nicht nur im Sommerbrauchtum t\u00e4tig, sondern auch im Winterbrauchtum. Der \u201eD\u00fcsseldorfer<\/span><br \/>\n<span style=\"font-family: arial, helvetica, sans-serif;\">Karneval\u201c hatte es ihm angetan. Er war viele Jahre aktives Mitglied bei der \u201eZugleitung e.V.\u201c, die<\/span><br \/>\n<span style=\"font-family: arial, helvetica, sans-serif;\">die Rosenmontagsz\u00fcge organisieren. Zurzeit ist er bei der, noch jungen, \u201eKG Die D\u00fcsseldorfer\u2026\u201c<br \/>\naktives Mitglied.<\/span><\/p>\n<p><span style=\"font-family: arial, helvetica, sans-serif;\">Au\u00dferdem war er etliche Jahre mit \u201eRadio Eller\u201c bei den legend\u00e4ren Septemberreisen nach Mallorca dabei.<\/span><\/p>\n<p><span style=\"font-family: arial, helvetica, sans-serif;\">Er erhielt viele Auszeichnungen &#8211; hier die wichtigsten:<\/span><\/p>\n<p><span style=\"font-family: arial, helvetica, sans-serif;\">Verdienstorden der Landeshauptstadt D\u00fcsseldorf<\/span><br \/>\n<span style=\"font-family: arial, helvetica, sans-serif;\">Gro\u00dfe Silberne Verdienstnadel des Deutschen Sch\u00fctzenbundes<\/span><br \/>\n<span style=\"font-family: arial, helvetica, sans-serif;\">Gro\u00dfe Goldene Verdienstnadel des Rheinischen Sch\u00fctzenbundes<\/span><br \/>\n<span style=\"font-family: arial, helvetica, sans-serif;\">u.v.m.<\/span><\/p>\n<p><span style=\"font-family: arial, helvetica, sans-serif;\">2010 schlug das Schicksal zu und er wurde nach einer Komplikation nach einer Operation f\u00fcr etwa<br \/>\n9 Wochen\u00a0<\/span><span style=\"font-family: arial, helvetica, sans-serif;\">in ein k\u00fcnstliches Koma gelegt, mit dem Ergebnis, dass er fast alles neu lernen musste.<br \/>\nSeit dem gilt sein Lebensmotto <\/span><span style=\"font-family: arial, helvetica, sans-serif;\">\u201eKlagt nicht, k\u00e4mpft!\u201c<\/span><\/p>\n<p><span style=\"font-family: arial, helvetica, sans-serif;\">Sein Wunsch und erkl\u00e4rtes Ziel ist es, wieder eine Veranstaltung zu Moderieren. Daf\u00fcr arbeitet er t\u00e4glich<br \/>\nan seiner\u00a0<\/span><span style=\"font-family: arial, helvetica, sans-serif;\">Person, um wieder zu seinen \u201ealten St\u00e4rken\u201c zur\u00fcck zu kehren; und nicht nur das, sondern noch<br \/>\nbesser zu werden\u00a0<\/span><span style=\"font-family: arial, helvetica, sans-serif;\">als zuvor!<\/span><\/p>\n<p><span style=\"font-family: arial, helvetica, sans-serif;\">Nachtrag July 2015: Frank hat es geschafft. Er hat die Serenade und die Parade mit moderieren d\u00fcrfen!<br \/>\nFrank: &#8220;Ich\u00a0<\/span><span style=\"font-family: arial, helvetica, sans-serif;\">bin echt dankbar, dass der Bilker Vorstand mir hier das Vertrauen geschenkt hat und ich heute<br \/>\nmoderieren durfte!&#8221;<\/span><\/p>\n<p><span style=\"font-family: arial, helvetica, sans-serif;\">Texte: Sven Demmig (Radio Moderator) \u2013 Dirk K\u00f6geler alias \u201cDer Joker\u201d (Musiker + Produzent) &#8211;<br \/>\n<\/span><span style=\"font-family: arial, helvetica, sans-serif;\">\u00a0 \u00a0 \u00a0 \u00a0 \u00a0 Martin Leverberg (ART Detective)<\/span><\/p>\n<p>&nbsp;<\/p>\n<table style=\"width: 729px;\">\n<tbody>\n<tr>\n<td style=\"width: 227px;\"><span style=\"font-family: arial, helvetica, sans-serif;\"><strong>Weitere Aktivit\u00e4ten im WWW:<\/strong><\/span><\/td>\n<td style=\"width: 502px;\"><span style=\"font-family: arial, helvetica, sans-serif;\"><strong>Aktivit\u00e4ten &amp; Funktionen:<\/strong><\/span><\/td>\n<\/tr>\n<tr>\n<td style=\"width: 227px; vertical-align: top;\">\n<ul>\n<li><span style=\"font-size: 14px; font-family: arial, helvetica, sans-serif;\"><a title=\"https:\/\/www.xing.com\/profile\/Frank_Engels3\" href=\"https:\/\/www.xing.com\/profile\/Frank_Engels3\" target=\"_blank\" rel=\"noopener\">Xing<\/a><\/span><\/li>\n<li><span style=\"font-size: 14px; font-family: arial, helvetica, sans-serif;\"><a title=\"https:\/\/www.facebook.com\/duesseldorf4you\" href=\"https:\/\/www.facebook.com\/duesseldorf4you\" target=\"_blank\" rel=\"noopener\">Facebook<\/a><\/span><\/li>\n<li><span style=\"font-family: arial, helvetica, sans-serif;\"><a title=\"https:\/\/instagram.com\/engelsfrank\/\" href=\"https:\/\/instagram.com\/engelsfrank\/\" target=\"_blank\" rel=\"noopener\"><span style=\"font-size: 14px;\">Instagram<\/span><\/a><\/span><\/li>\n<li><span style=\"font-size: 14px; font-family: arial, helvetica, sans-serif;\"><a title=\"http:\/\/twitter.com\/knarfslegne\" href=\"http:\/\/twitter.com\/knarfslegne\" target=\"_blank\" rel=\"noopener\">Twitter<\/a><\/span><\/li>\n<li><span style=\"font-size: 14px; font-family: arial, helvetica, sans-serif;\"><a title=\"http:\/\/youtube.com\/user\/duesselwalker\" href=\"http:\/\/youtube.com\/user\/duesselwalker\" target=\"_blank\" rel=\"noopener\">YouTube<\/a><\/span><\/li>\n<\/ul>\n<\/td>\n<td style=\"width: 502px; vertical-align: top;\">\n<ul>\n<li><span style=\"font-family: arial, helvetica, sans-serif; font-size: 10pt;\">Mitglied im\u00a0St.Seb.Sch\u00fctzenverein D\u00fcsseldorf Bilk\u00a0e.V.<\/span><\/li>\n<li><span style=\"font-family: arial, helvetica, sans-serif; font-size: 10pt;\">Mitglied\u00a0Schill&#8217;sches Korps\u00a0D\u00fcsseldorf Bilk<\/span><\/li>\n<li><span style=\"font-family: arial, helvetica, sans-serif; font-size: 10pt;\">Mitglied\u00a0Zugleitung e.V.\u00a0<\/span><\/li>\n<li><span style=\"font-family: arial, helvetica, sans-serif; font-size: 10pt;\">Mitglied der\u00a0Kommision f\u00fcr \u00d6ffentlichkeitsarbeit\u00a0im St.Seb.Sch\u00fctzenverein D\u00fcsseldorf Bilk e.V.<\/span><\/li>\n<li><span style=\"font-family: arial, helvetica, sans-serif; font-size: 10pt;\">Leiter\u00a0Arbeitskreis \u00d6ffentlichkeitsarbeit &#8211; Presse und Image bei der Interessengemeinschaft D\u00fcsseldorfer Sch\u00fctzenvereine e.V. (IGDS)<\/span><\/li>\n<li><span style=\"font-family: arial, helvetica, sans-serif; font-size: 10pt;\">Bereichsleiter\u00a0&#8220;Le Grand Depart D\u00fcsseldorf&#8221;\u00a0<\/span><\/li>\n<\/ul>\n<\/td>\n<\/tr>\n<\/tbody>\n<\/table>\n<p>&nbsp;<\/p>\n<p><img loading=\"lazy\" decoding=\"async\" class=\"alignnone size-medium wp-image-51\" src=\"http:\/\/www.dus4you.de\/wp-content\/uploads\/2017\/12\/1429118081-300x195.jpg\" alt=\"\" width=\"300\" height=\"195\" srcset=\"https:\/\/dus4you.de\/wp-content\/uploads\/2017\/12\/1429118081-300x195.jpg 300w, https:\/\/dus4you.de\/wp-content\/uploads\/2017\/12\/1429118081.jpg 480w\" sizes=\"auto, (max-width: 300px) 100vw, 300px\" \/><\/p>\n","protected":false},"excerpt":{"rendered":"<p>Frank Engels alias Duesseldorf4you Biografie \/ Vita au\u00dfergew\u00f6hnlich * frech * witzig * spritzig * frisch Frank Engels wurde 1963 in D\u00fcsseldorf geboren und seine besonderen F\u00e4higkeiten konnte er bereits\u00a0in der Schule ausleben. Nach der Zeit der geistigen Abwesenheit und Abstinenz wurde er zum\u00a0\u201eKlassensprecher\u201c und sp\u00e4ter dann zum \u201eSchulsprecher\u201c gew\u00e4hlt. Hierbei half ihm seine witzige&hellip; <br \/> <a class=\"button small blue\" href=\"https:\/\/dus4you.de\/index.php\/ueber\/\">Weiterlesen<\/a><\/p>\n","protected":false},"author":1,"featured_media":0,"parent":0,"menu_order":0,"comment_status":"closed","ping_status":"closed","template":"","meta":{"footnotes":""},"class_list":["post-50","page","type-page","status-publish","has-post-thumbnail","hentry"],"_links":{"self":[{"href":"https:\/\/dus4you.de\/index.php\/wp-json\/wp\/v2\/pages\/50","targetHints":{"allow":["GET"]}}],"collection":[{"href":"https:\/\/dus4you.de\/index.php\/wp-json\/wp\/v2\/pages"}],"about":[{"href":"https:\/\/dus4you.de\/index.php\/wp-json\/wp\/v2\/types\/page"}],"author":[{"embeddable":true,"href":"https:\/\/dus4you.de\/index.php\/wp-json\/wp\/v2\/users\/1"}],"replies":[{"embeddable":true,"href":"https:\/\/dus4you.de\/index.php\/wp-json\/wp\/v2\/comments?post=50"}],"version-history":[{"count":0,"href":"https:\/\/dus4you.de\/index.php\/wp-json\/wp\/v2\/pages\/50\/revisions"}],"wp:attachment":[{"href":"https:\/\/dus4you.de\/index.php\/wp-json\/wp\/v2\/media?parent=50"}],"curies":[{"name":"wp","href":"https:\/\/api.w.org\/{rel}","templated":true}]}}