{"id":1035,"date":"2019-01-11T08:49:11","date_gmt":"2019-01-11T07:49:11","guid":{"rendered":"https:\/\/dus4you.de\/?page_id=1035"},"modified":"2019-01-24T21:47:53","modified_gmt":"2019-01-24T20:47:53","slug":"jobs","status":"publish","type":"page","link":"https:\/\/dus4you.de\/index.php\/jobs\/","title":{"rendered":"Jobs"},"content":{"rendered":"<p><span style=\"font-size: 18pt;\"><strong><span style=\"font-size: 14pt;\"><span style=\"font-size: 18pt;\">E<\/span>hrenamtliche Redakteure, Fotografen, Karikaturisten, Comiczeichner, Podcaster, YouTuber, und Moderatoren gesucht.<\/span><\/strong><\/span><\/p>\n<p>&nbsp;<\/p>\n<p><span style=\"font-size: 14pt;\"><span style=\"font-size: 18pt;\">D<\/span>\u00fcsseldorf hat so viel zu bieten und wir suchen euch. Wir laden alle herzlich ein zur Teilnahme an dem Schaffensprozess auf freiwilliger Basis, mitzumachen. Du interessiert dich f\u00fcr Fu\u00dfball, Eishockey, Tischtennis, Handball oder eine sonstige Sportarten, Brauchtum (Sch\u00fctzen- und Karnevalsvereine), Kunst in D\u00fcsseldorf und hast Lust dar\u00fcber zu berichten? Du unternimmst hin und wieder eine Foto- und\/oder Videosafari und m\u00f6chtest deine Werk auf einer Plattform vorstellen? Du zeichnest gerne Cartoons und m\u00f6chtest sie der breiten Masse vorstellen? Bei uns ist das m\u00f6glich. Getreu dem Motto: \u201eAlles geht, nichts muss\u2026\u201c Interesse geweckt? <a href=\"https:\/\/dus4you.de\/index.php\/kontakt\/\"><strong>Kontakt<\/strong><\/a><\/span><\/p>\n<p>&nbsp;<\/p>\n<hr \/>\n<div class=\"_3-8y\">\n<div class=\" _2ieq _2iex\"><\/div>\n<\/div>\n","protected":false},"excerpt":{"rendered":"<p>Ehrenamtliche Redakteure, Fotografen, Karikaturisten, Comiczeichner, Podcaster, YouTuber, und Moderatoren gesucht. &nbsp; D\u00fcsseldorf hat so viel zu bieten und wir suchen euch. Wir laden alle herzlich ein zur Teilnahme an dem Schaffensprozess auf freiwilliger Basis, mitzumachen. Du interessiert dich f\u00fcr Fu\u00dfball, Eishockey, Tischtennis, Handball oder eine sonstige Sportarten, Brauchtum (Sch\u00fctzen- und Karnevalsvereine), Kunst in D\u00fcsseldorf und&hellip; <br \/> <a class=\"button small blue\" href=\"https:\/\/dus4you.de\/index.php\/jobs\/\">Weiterlesen<\/a><\/p>\n","protected":false},"author":1,"featured_media":0,"parent":0,"menu_order":0,"comment_status":"closed","ping_status":"closed","template":"","meta":{"footnotes":""},"class_list":["post-1035","page","type-page","status-publish","hentry"],"_links":{"self":[{"href":"https:\/\/dus4you.de\/index.php\/wp-json\/wp\/v2\/pages\/1035","targetHints":{"allow":["GET"]}}],"collection":[{"href":"https:\/\/dus4you.de\/index.php\/wp-json\/wp\/v2\/pages"}],"about":[{"href":"https:\/\/dus4you.de\/index.php\/wp-json\/wp\/v2\/types\/page"}],"author":[{"embeddable":true,"href":"https:\/\/dus4you.de\/index.php\/wp-json\/wp\/v2\/users\/1"}],"replies":[{"embeddable":true,"href":"https:\/\/dus4you.de\/index.php\/wp-json\/wp\/v2\/comments?post=1035"}],"version-history":[{"count":0,"href":"https:\/\/dus4you.de\/index.php\/wp-json\/wp\/v2\/pages\/1035\/revisions"}],"wp:attachment":[{"href":"https:\/\/dus4you.de\/index.php\/wp-json\/wp\/v2\/media?parent=1035"}],"curies":[{"name":"wp","href":"https:\/\/api.w.org\/{rel}","templated":true}]}}